{"id":168,"date":"2025-04-15T13:26:53","date_gmt":"2025-04-15T19:26:53","guid":{"rendered":"https:\/\/sola.dreamhosters.com\/?page_id=168"},"modified":"2025-09-23T20:14:19","modified_gmt":"2025-09-24T02:14:19","slug":"eco-friendly","status":"publish","type":"page","link":"https:\/\/www.solatextil.mx\/en\/eco-friendly\/","title":{"rendered":"Eco Friendly"},"content":{"rendered":"<div data-elementor-type=\"wp-page\" data-elementor-id=\"168\" class=\"elementor elementor-168\" data-elementor-post-type=\"page\">\n\t\t\t\t<div class=\"elementor-element elementor-element-6d787cc e-con-full e-flex e-con e-parent\" data-id=\"6d787cc\" data-element_type=\"container\" data-e-type=\"container\" data-settings=\"{&quot;background_background&quot;:&quot;classic&quot;}\">\n\t\t\t\t<div class=\"elementor-element elementor-element-cbe45cc elementor-widget elementor-widget-heading\" data-id=\"cbe45cc\" data-element_type=\"widget\" data-e-type=\"widget\" data-widget_type=\"heading.default\">\n\t\t\t\t<div class=\"elementor-widget-container\">\n\t\t\t\t\t<h2 class=\"elementor-heading-title elementor-size-default\">Weaving a<br>\nstory besides you!<\/h2>\t\t\t\t<\/div>\n\t\t\t\t<\/div>\n\t\t\t\t<\/div>\n\t\t<div class=\"elementor-element elementor-element-c316d2d e-con-full e-flex e-con e-parent\" data-id=\"c316d2d\" data-element_type=\"container\" data-e-type=\"container\" data-settings=\"{&quot;background_background&quot;:&quot;classic&quot;}\">\n\t\t\t\t<div class=\"elementor-element elementor-element-fb32c05 elementor-widget elementor-widget-text-editor\" data-id=\"fb32c05\" data-element_type=\"widget\" data-e-type=\"widget\" data-widget_type=\"text-editor.default\">\n\t\t\t\t<div class=\"elementor-widget-container\">\n\t\t\t\t\t\t\t\t\t<p>By choosing our products, you support the Mexican textile industry that strives for a cleaner planet.<\/p>\t\t\t\t\t\t\t\t<\/div>\n\t\t\t\t<\/div>\n\t\t\t\t<\/div>\n\t\t<div class=\"elementor-element elementor-element-a63eb18 e-flex e-con-boxed e-con e-parent\" data-id=\"a63eb18\" data-element_type=\"container\" data-e-type=\"container\">\n\t\t\t\t\t<div class=\"e-con-inner\">\n\t\t\t\t<div class=\"elementor-element elementor-element-bb8f345 elementor-widget elementor-widget-heading\" data-id=\"bb8f345\" data-element_type=\"widget\" data-e-type=\"widget\" data-widget_type=\"heading.default\">\n\t\t\t\t<div class=\"elementor-widget-container\">\n\t\t\t\t\t<h2 class=\"elementor-heading-title elementor-size-default\">Eco Friendly Evolution<\/h2>\t\t\t\t<\/div>\n\t\t\t\t<\/div>\n\t\t\t\t\t<\/div>\n\t\t\t\t<\/div>\n\t\t<div class=\"elementor-element elementor-element-4cc7e30 e-flex e-con-boxed e-con e-parent\" data-id=\"4cc7e30\" data-element_type=\"container\" data-e-type=\"container\">\n\t\t\t\t\t<div class=\"e-con-inner\">\n\t\t<div class=\"elementor-element elementor-element-fa0bead e-con-full e-flex e-con e-child\" data-id=\"fa0bead\" data-element_type=\"container\" data-e-type=\"container\" data-settings=\"{&quot;background_background&quot;:&quot;classic&quot;}\">\n\t\t\t\t<div class=\"elementor-element elementor-element-3384e7d elementor-widget elementor-widget-image\" data-id=\"3384e7d\" data-element_type=\"widget\" data-e-type=\"widget\" data-widget_type=\"image.default\">\n\t\t\t\t<div class=\"elementor-widget-container\">\n\t\t\t\t\t\t\t\t\t\t\t\t\t\t\t<img fetchpriority=\"high\" decoding=\"async\" width=\"635\" height=\"435\" src=\"https:\/\/www.solatextil.mx\/wp-content\/uploads\/2025\/04\/TRATAMIENTO-DE-AGUA-1.1.png\" class=\"attachment-large size-large wp-image-213\" alt=\"\" srcset=\"https:\/\/www.solatextil.mx\/wp-content\/uploads\/2025\/04\/TRATAMIENTO-DE-AGUA-1.1.png 635w, https:\/\/www.solatextil.mx\/wp-content\/uploads\/2025\/04\/TRATAMIENTO-DE-AGUA-1.1-300x206.png 300w\" sizes=\"(max-width: 635px) 100vw, 635px\" \/>\t\t\t\t\t\t\t\t\t\t\t\t\t\t\t<\/div>\n\t\t\t\t<\/div>\n\t\t\t\t<div class=\"elementor-element elementor-element-7584299 elementor-widget elementor-widget-image\" data-id=\"7584299\" data-element_type=\"widget\" data-e-type=\"widget\" data-widget_type=\"image.default\">\n\t\t\t\t<div class=\"elementor-widget-container\">\n\t\t\t\t\t\t\t\t\t\t\t\t\t\t\t<img decoding=\"async\" width=\"252\" height=\"218\" src=\"https:\/\/www.solatextil.mx\/wp-content\/uploads\/2025\/04\/TRATAMIENTO-DE-AGUA.png\" class=\"attachment-large size-large wp-image-214\" alt=\"\" \/>\t\t\t\t\t\t\t\t\t\t\t\t\t\t\t<\/div>\n\t\t\t\t<\/div>\n\t\t\t\t<div class=\"elementor-element elementor-element-f6b21ca elementor-widget elementor-widget-heading\" data-id=\"f6b21ca\" data-element_type=\"widget\" data-e-type=\"widget\" data-widget_type=\"heading.default\">\n\t\t\t\t<div class=\"elementor-widget-container\">\n\t\t\t\t\t<h2 class=\"elementor-heading-title elementor-size-default\">Responsible Water Use<\/h2>\t\t\t\t<\/div>\n\t\t\t\t<\/div>\n\t\t\t\t<div class=\"elementor-element elementor-element-2d342a3 elementor-widget elementor-widget-text-editor\" data-id=\"2d342a3\" data-element_type=\"widget\" data-e-type=\"widget\" data-widget_type=\"text-editor.default\">\n\t\t\t\t<div class=\"elementor-widget-container\">\n\t\t\t\t\t\t\t\t\t<p>At Sol\u00e1 Textil, we understand the importance of responsible water use in the textile industry, which is why we continue to innovate and collaborate with suppliers who share our vision of environmental responsibility.<\/p>\t\t\t\t\t\t\t\t<\/div>\n\t\t\t\t<\/div>\n\t\t\t\t<\/div>\n\t\t<div class=\"elementor-element elementor-element-dac2e2d e-con-full e-flex e-con e-child\" data-id=\"dac2e2d\" data-element_type=\"container\" data-e-type=\"container\" data-settings=\"{&quot;background_background&quot;:&quot;classic&quot;}\">\n\t\t\t\t<div class=\"elementor-element elementor-element-702d530 elementor-widget elementor-widget-image\" data-id=\"702d530\" data-element_type=\"widget\" data-e-type=\"widget\" data-widget_type=\"image.default\">\n\t\t\t\t<div class=\"elementor-widget-container\">\n\t\t\t\t\t\t\t\t\t\t\t\t\t\t\t<img decoding=\"async\" width=\"635\" height=\"435\" src=\"https:\/\/www.solatextil.mx\/wp-content\/uploads\/2025\/04\/unnamed-file.png\" class=\"attachment-large size-large wp-image-259\" alt=\"\" srcset=\"https:\/\/www.solatextil.mx\/wp-content\/uploads\/2025\/04\/unnamed-file.png 635w, https:\/\/www.solatextil.mx\/wp-content\/uploads\/2025\/04\/unnamed-file-300x206.png 300w\" sizes=\"(max-width: 635px) 100vw, 635px\" \/>\t\t\t\t\t\t\t\t\t\t\t\t\t\t\t<\/div>\n\t\t\t\t<\/div>\n\t\t\t\t<div class=\"elementor-element elementor-element-8cb7f75 elementor-widget elementor-widget-image\" data-id=\"8cb7f75\" data-element_type=\"widget\" data-e-type=\"widget\" data-widget_type=\"image.default\">\n\t\t\t\t<div class=\"elementor-widget-container\">\n\t\t\t\t\t\t\t\t\t\t\t\t\t\t\t<img loading=\"lazy\" decoding=\"async\" width=\"213\" height=\"247\" src=\"https:\/\/www.solatextil.mx\/wp-content\/uploads\/2025\/04\/ENERGIA-RENOVABLE.png\" class=\"attachment-large size-large wp-image-207\" alt=\"\" \/>\t\t\t\t\t\t\t\t\t\t\t\t\t\t\t<\/div>\n\t\t\t\t<\/div>\n\t\t\t\t<div class=\"elementor-element elementor-element-1752998 elementor-widget elementor-widget-heading\" data-id=\"1752998\" data-element_type=\"widget\" data-e-type=\"widget\" data-widget_type=\"heading.default\">\n\t\t\t\t<div class=\"elementor-widget-container\">\n\t\t\t\t\t<h2 class=\"elementor-heading-title elementor-size-default\">Renewable Energy<\/h2>\t\t\t\t<\/div>\n\t\t\t\t<\/div>\n\t\t\t\t<div class=\"elementor-element elementor-element-ff9ed38 elementor-widget elementor-widget-text-editor\" data-id=\"ff9ed38\" data-element_type=\"widget\" data-e-type=\"widget\" data-widget_type=\"text-editor.default\">\n\t\t\t\t<div class=\"elementor-widget-container\">\n\t\t\t\t\t\t\t\t\t<p>We have implemented a renewable energy system based on solar cells, which reduces our energy consumption by 30% per month.<\/p><p>This initiative not only reduces our carbon footprint, also reinforces our commitment to e\ufb03ciency and environmental responsibility.<\/p>\t\t\t\t\t\t\t\t<\/div>\n\t\t\t\t<\/div>\n\t\t\t\t<\/div>\n\t\t\t\t\t<\/div>\n\t\t\t\t<\/div>\n\t\t<div class=\"elementor-element elementor-element-121e041 e-flex e-con-boxed e-con e-parent\" data-id=\"121e041\" data-element_type=\"container\" data-e-type=\"container\">\n\t\t\t\t\t<div class=\"e-con-inner\">\n\t\t<div class=\"elementor-element elementor-element-1ea6907 e-con-full e-flex e-con e-child\" data-id=\"1ea6907\" data-element_type=\"container\" data-e-type=\"container\" data-settings=\"{&quot;background_background&quot;:&quot;classic&quot;}\">\n\t\t\t\t<div class=\"elementor-element elementor-element-649baad elementor-widget elementor-widget-image\" data-id=\"649baad\" data-element_type=\"widget\" data-e-type=\"widget\" data-widget_type=\"image.default\">\n\t\t\t\t<div class=\"elementor-widget-container\">\n\t\t\t\t\t\t\t\t\t\t\t\t\t\t\t<img loading=\"lazy\" decoding=\"async\" width=\"635\" height=\"435\" src=\"https:\/\/www.solatextil.mx\/wp-content\/uploads\/2025\/04\/MANEJO-RESPONSABLE-1.1.png\" class=\"attachment-large size-large wp-image-209\" alt=\"\" srcset=\"https:\/\/www.solatextil.mx\/wp-content\/uploads\/2025\/04\/MANEJO-RESPONSABLE-1.1.png 635w, https:\/\/www.solatextil.mx\/wp-content\/uploads\/2025\/04\/MANEJO-RESPONSABLE-1.1-300x206.png 300w\" sizes=\"(max-width: 635px) 100vw, 635px\" \/>\t\t\t\t\t\t\t\t\t\t\t\t\t\t\t<\/div>\n\t\t\t\t<\/div>\n\t\t\t\t<div class=\"elementor-element elementor-element-d2b3075 elementor-widget elementor-widget-image\" data-id=\"d2b3075\" data-element_type=\"widget\" data-e-type=\"widget\" data-widget_type=\"image.default\">\n\t\t\t\t<div class=\"elementor-widget-container\">\n\t\t\t\t\t\t\t\t\t\t\t\t\t\t\t<img loading=\"lazy\" decoding=\"async\" width=\"201\" height=\"196\" src=\"https:\/\/www.solatextil.mx\/wp-content\/uploads\/2025\/04\/MANEJO-RESPONSANLE-1.2.png\" class=\"attachment-large size-large wp-image-210\" alt=\"\" \/>\t\t\t\t\t\t\t\t\t\t\t\t\t\t\t<\/div>\n\t\t\t\t<\/div>\n\t\t\t\t<div class=\"elementor-element elementor-element-aec3063 elementor-widget elementor-widget-heading\" data-id=\"aec3063\" data-element_type=\"widget\" data-e-type=\"widget\" data-widget_type=\"heading.default\">\n\t\t\t\t<div class=\"elementor-widget-container\">\n\t\t\t\t\t<h2 class=\"elementor-heading-title elementor-size-default\">Responsible Waste Management<\/h2>\t\t\t\t<\/div>\n\t\t\t\t<\/div>\n\t\t\t\t<div class=\"elementor-element elementor-element-f8a0330 elementor-widget elementor-widget-text-editor\" data-id=\"f8a0330\" data-element_type=\"widget\" data-e-type=\"widget\" data-widget_type=\"text-editor.default\">\n\t\t\t\t<div class=\"elementor-widget-container\">\n\t\t\t\t\t\t\t\t\t<p>We are committed to protecting the environment. We have strategic alliances with suppliers certified under NOM056, which ensure proper and safe waste management for a more sustainable future.<\/p>\t\t\t\t\t\t\t\t<\/div>\n\t\t\t\t<\/div>\n\t\t\t\t<\/div>\n\t\t<div class=\"elementor-element elementor-element-f243e94 e-con-full e-flex e-con e-child\" data-id=\"f243e94\" data-element_type=\"container\" data-e-type=\"container\" data-settings=\"{&quot;background_background&quot;:&quot;classic&quot;}\">\n\t\t\t\t<div class=\"elementor-element elementor-element-09531a0 elementor-widget elementor-widget-image\" data-id=\"09531a0\" data-element_type=\"widget\" data-e-type=\"widget\" data-widget_type=\"image.default\">\n\t\t\t\t<div class=\"elementor-widget-container\">\n\t\t\t\t\t\t\t\t\t\t\t\t\t\t\t<img loading=\"lazy\" decoding=\"async\" width=\"635\" height=\"435\" src=\"https:\/\/www.solatextil.mx\/wp-content\/uploads\/2025\/04\/EMISIONES-1.1.png\" class=\"attachment-large size-large wp-image-204\" alt=\"\" srcset=\"https:\/\/www.solatextil.mx\/wp-content\/uploads\/2025\/04\/EMISIONES-1.1.png 635w, https:\/\/www.solatextil.mx\/wp-content\/uploads\/2025\/04\/EMISIONES-1.1-300x206.png 300w\" sizes=\"(max-width: 635px) 100vw, 635px\" \/>\t\t\t\t\t\t\t\t\t\t\t\t\t\t\t<\/div>\n\t\t\t\t<\/div>\n\t\t\t\t<div class=\"elementor-element elementor-element-a5b06eb elementor-widget elementor-widget-image\" data-id=\"a5b06eb\" data-element_type=\"widget\" data-e-type=\"widget\" data-widget_type=\"image.default\">\n\t\t\t\t<div class=\"elementor-widget-container\">\n\t\t\t\t\t\t\t\t\t\t\t\t\t\t\t<img loading=\"lazy\" decoding=\"async\" width=\"221\" height=\"146\" src=\"https:\/\/www.solatextil.mx\/wp-content\/uploads\/2025\/04\/EMISIONES-1.2.png\" class=\"attachment-large size-large wp-image-205\" alt=\"\" \/>\t\t\t\t\t\t\t\t\t\t\t\t\t\t\t<\/div>\n\t\t\t\t<\/div>\n\t\t\t\t<div class=\"elementor-element elementor-element-d43b32f elementor-widget elementor-widget-heading\" data-id=\"d43b32f\" data-element_type=\"widget\" data-e-type=\"widget\" data-widget_type=\"heading.default\">\n\t\t\t\t<div class=\"elementor-widget-container\">\n\t\t\t\t\t<h2 class=\"elementor-heading-title elementor-size-default\">Emissions<\/h2>\t\t\t\t<\/div>\n\t\t\t\t<\/div>\n\t\t\t\t<div class=\"elementor-element elementor-element-bc971d9 elementor-widget elementor-widget-text-editor\" data-id=\"bc971d9\" data-element_type=\"widget\" data-e-type=\"widget\" data-widget_type=\"text-editor.default\">\n\t\t\t\t<div class=\"elementor-widget-container\">\n\t\t\t\t\t\t\t\t\t<p>We not only manufacture high-quality towels, we also ensure that our processes are environmentally responsible. Therefore, we adhere to compliance and monitoring of atmospheric emissions, in accordance with NOM-085 (SEMARNAT 2011), avoiding atmospheric pollution with gases.<\/p>\t\t\t\t\t\t\t\t<\/div>\n\t\t\t\t<\/div>\n\t\t\t\t<\/div>\n\t\t\t\t\t<\/div>\n\t\t\t\t<\/div>\n\t\t<div class=\"elementor-element elementor-element-b66ec47 e-flex e-con-boxed e-con e-parent\" data-id=\"b66ec47\" data-element_type=\"container\" data-e-type=\"container\">\n\t\t\t\t\t<div class=\"e-con-inner\">\n\t\t<div class=\"elementor-element elementor-element-3425b45 e-con-full e-flex e-con e-child\" data-id=\"3425b45\" data-element_type=\"container\" data-e-type=\"container\" data-settings=\"{&quot;background_background&quot;:&quot;classic&quot;}\">\n\t\t\t\t<div class=\"elementor-element elementor-element-c9d9769 elementor-widget elementor-widget-image\" data-id=\"c9d9769\" data-element_type=\"widget\" data-e-type=\"widget\" data-widget_type=\"image.default\">\n\t\t\t\t<div class=\"elementor-widget-container\">\n\t\t\t\t\t\t\t\t\t\t\t\t\t\t\t<img loading=\"lazy\" decoding=\"async\" width=\"635\" height=\"435\" src=\"https:\/\/www.solatextil.mx\/wp-content\/uploads\/2025\/06\/PLANTA-TRATADORA-AGUA.png\" class=\"attachment-large size-large wp-image-791\" alt=\"\" srcset=\"https:\/\/www.solatextil.mx\/wp-content\/uploads\/2025\/06\/PLANTA-TRATADORA-AGUA.png 635w, https:\/\/www.solatextil.mx\/wp-content\/uploads\/2025\/06\/PLANTA-TRATADORA-AGUA-300x206.png 300w, https:\/\/www.solatextil.mx\/wp-content\/uploads\/2025\/06\/PLANTA-TRATADORA-AGUA-18x12.png 18w\" sizes=\"(max-width: 635px) 100vw, 635px\" \/>\t\t\t\t\t\t\t\t\t\t\t\t\t\t\t<\/div>\n\t\t\t\t<\/div>\n\t\t\t\t<div class=\"elementor-element elementor-element-f55c101 elementor-widget elementor-widget-image\" data-id=\"f55c101\" data-element_type=\"widget\" data-e-type=\"widget\" data-widget_type=\"image.default\">\n\t\t\t\t<div class=\"elementor-widget-container\">\n\t\t\t\t\t\t\t\t\t\t\t\t\t\t\t<img loading=\"lazy\" decoding=\"async\" width=\"201\" height=\"156\" src=\"https:\/\/www.solatextil.mx\/wp-content\/uploads\/2025\/06\/PLANTA-TRATADORA-AGUA1-1.png\" class=\"attachment-large size-large wp-image-792\" alt=\"\" srcset=\"https:\/\/www.solatextil.mx\/wp-content\/uploads\/2025\/06\/PLANTA-TRATADORA-AGUA1-1.png 201w, https:\/\/www.solatextil.mx\/wp-content\/uploads\/2025\/06\/PLANTA-TRATADORA-AGUA1-1-15x12.png 15w\" sizes=\"(max-width: 201px) 100vw, 201px\" \/>\t\t\t\t\t\t\t\t\t\t\t\t\t\t\t<\/div>\n\t\t\t\t<\/div>\n\t\t\t\t<div class=\"elementor-element elementor-element-582ff4d elementor-widget elementor-widget-heading\" data-id=\"582ff4d\" data-element_type=\"widget\" data-e-type=\"widget\" data-widget_type=\"heading.default\">\n\t\t\t\t<div class=\"elementor-widget-container\">\n\t\t\t\t\t<h2 class=\"elementor-heading-title elementor-size-default\">Water Treatment Plant<\/h2>\t\t\t\t<\/div>\n\t\t\t\t<\/div>\n\t\t\t\t<div class=\"elementor-element elementor-element-ec9b749 elementor-widget elementor-widget-text-editor\" data-id=\"ec9b749\" data-element_type=\"widget\" data-e-type=\"widget\" data-widget_type=\"text-editor.default\">\n\t\t\t\t<div class=\"elementor-widget-container\">\n\t\t\t\t\t\t\t\t\t<p>Transforming Water, Protecting Communities.<\/p><p>At Sol\u00e1 Textil, we understand that clean, safe water is fundamental to healthy communities and thriving businesses. With over two decades of experience in water treatment technology, we deliver comprehensive solutions that meet the highest standards of reliability.<\/p>\t\t\t\t\t\t\t\t<\/div>\n\t\t\t\t<\/div>\n\t\t\t\t<\/div>\n\t\t\t\t\t<\/div>\n\t\t\t\t<\/div>\n\t\t<div class=\"elementor-element elementor-element-d9de374 e-con-full e-flex e-con e-parent\" data-id=\"d9de374\" data-element_type=\"container\" data-e-type=\"container\">\n\t\t\t\t<div class=\"elementor-element elementor-element-3a05043 elementor-widget elementor-widget-image\" data-id=\"3a05043\" data-element_type=\"widget\" data-e-type=\"widget\" data-widget_type=\"image.default\">\n\t\t\t\t<div class=\"elementor-widget-container\">\n\t\t\t\t\t\t\t\t\t\t\t\t\t\t\t<img loading=\"lazy\" decoding=\"async\" width=\"563\" height=\"481\" src=\"https:\/\/www.solatextil.mx\/wp-content\/uploads\/2025\/04\/Enmascarar-grupo-105.png\" class=\"attachment-large size-large wp-image-208\" alt=\"\" srcset=\"https:\/\/www.solatextil.mx\/wp-content\/uploads\/2025\/04\/Enmascarar-grupo-105.png 563w, https:\/\/www.solatextil.mx\/wp-content\/uploads\/2025\/04\/Enmascarar-grupo-105-300x256.png 300w\" sizes=\"(max-width: 563px) 100vw, 563px\" \/>\t\t\t\t\t\t\t\t\t\t\t\t\t\t\t<\/div>\n\t\t\t\t<\/div>\n\t\t\t\t<\/div>\n\t\t\t\t<\/div>","protected":false},"excerpt":{"rendered":"<p>\u00a1Tejiendo una historia junto a ti! Al elegir nuestros productos, apoyas a la industria textil mexicana que lucha por tener un planeta m\u00e1s limpio Evoluci\u00f3n Eco Friendly Uso responsable del agua En Sol\u00e1 Textil, entendemos la importancia de un uso responsable del agua en la industria textil, por lo que seguimos innovando y colaborando con [&hellip;]<\/p>\n","protected":false},"author":1,"featured_media":0,"parent":0,"menu_order":0,"comment_status":"closed","ping_status":"closed","template":"","meta":{"footnotes":""},"class_list":["post-168","page","type-page","status-publish","hentry"],"_links":{"self":[{"href":"https:\/\/www.solatextil.mx\/en\/wp-json\/wp\/v2\/pages\/168","targetHints":{"allow":["GET"]}}],"collection":[{"href":"https:\/\/www.solatextil.mx\/en\/wp-json\/wp\/v2\/pages"}],"about":[{"href":"https:\/\/www.solatextil.mx\/en\/wp-json\/wp\/v2\/types\/page"}],"author":[{"embeddable":true,"href":"https:\/\/www.solatextil.mx\/en\/wp-json\/wp\/v2\/users\/1"}],"replies":[{"embeddable":true,"href":"https:\/\/www.solatextil.mx\/en\/wp-json\/wp\/v2\/comments?post=168"}],"version-history":[{"count":13,"href":"https:\/\/www.solatextil.mx\/en\/wp-json\/wp\/v2\/pages\/168\/revisions"}],"predecessor-version":[{"id":992,"href":"https:\/\/www.solatextil.mx\/en\/wp-json\/wp\/v2\/pages\/168\/revisions\/992"}],"wp:attachment":[{"href":"https:\/\/www.solatextil.mx\/en\/wp-json\/wp\/v2\/media?parent=168"}],"curies":[{"name":"wp","href":"https:\/\/api.w.org\/{rel}","templated":true}]}}